{"id":25,"date":"2026-01-20T09:41:37","date_gmt":"2026-01-20T09:41:37","guid":{"rendered":"https:\/\/kanzlei-dlovani.de\/start\/"},"modified":"2026-01-28T11:46:31","modified_gmt":"2026-01-28T11:46:31","slug":"start","status":"publish","type":"page","link":"https:\/\/kanzlei-dlovani.de\/ru\/","title":{"rendered":"Start"},"content":{"rendered":"<div class=\"wp-block-group alignfull is-style-ext-preset--group--natural-1--section has-background-background-color has-background has-global-padding is-layout-constrained wp-container-core-group-is-layout-e96f6837 wp-block-group-is-layout-constrained\" style=\"margin-top:0;margin-bottom:0;padding-top:0;padding-right:0;padding-bottom:0;padding-left:0\"><\/div>\n\n\n\n<div class=\"wp-block-group alignfull has-tertiary-background-color has-background has-global-padding is-layout-constrained wp-container-core-group-is-layout-4b2f4e36 wp-block-group-is-layout-constrained\" style=\"margin-top:0;margin-bottom:0;padding-top:var(--wp--preset--spacing--60);padding-right:var(--wp--preset--spacing--30);padding-bottom:0;padding-left:var(--wp--preset--spacing--30)\">\n<div class=\"wp-block-columns alignwide is-layout-flex wp-container-core-columns-is-layout-643ced6b wp-block-columns-is-layout-flex\">\n<div class=\"wp-block-column is-vertically-aligned-center is-layout-flow wp-block-column-is-layout-flow\" style=\"padding-top:var(--wp--preset--spacing--40);padding-bottom:var(--wp--preset--spacing--40);flex-basis:60%\">\n<h1 class=\"wp-block-heading has-x-large-font-size\">\u0417\u0435\u043c\u0444\u0438\u0440\u0430 \u0414\u043b\u043e\u0432\u0430\u043d\u0438<\/h1>\n\n\n\n<h3 class=\"wp-block-heading\">\u0412\u0430\u0448 \u044e\u0440\u0438\u0441\u0442-\u0441\u043f\u0435\u0446\u0438\u0430\u043b\u0438\u0441\u0442 \u043f\u043e \u0441\u043e\u0446\u0438\u0430\u043b\u044c\u043d\u043e\u043c\u0443 \u043f\u0440\u0430\u0432\u0443, \u0430 \u0442\u0430\u043a\u0436\u0435 \u0441\u043f\u0435\u0446\u0438\u0430\u043b\u0438\u0441\u0442 \u043f\u043e \u0441\u0435\u043c\u0435\u0439\u043d\u043e\u043c\u0443 \u0438 \u043d\u0430\u0441\u043b\u0435\u0434\u0441\u0442\u0432\u0435\u043d\u043d\u043e\u043c\u0443 \u043f\u0440\u0430\u0432\u0443.<\/h3>\n\n\n\n<p>\u042e\u0440\u0438\u0434\u0438\u0447\u0435\u0441\u043a\u0430\u044f \u0444\u0438\u0440\u043c\u0430 \u00ab\u0414\u043b\u043e\u0432\u0430\u043d\u0438\u00bb \u043f\u0440\u0435\u0434\u043b\u0430\u0433\u0430\u0435\u0442 \u0438\u043d\u0434\u0438\u0432\u0438\u0434\u0443\u0430\u043b\u044c\u043d\u044b\u0439 \u043f\u043e\u0434\u0445\u043e\u0434, \u0431\u044b\u0441\u0442\u0440\u0443\u044e \u0437\u0430\u043f\u0438\u0441\u044c \u043d\u0430 \u043f\u0440\u0438\u0435\u043c \u0438 \u0432\u0441\u0435\u0441\u0442\u043e\u0440\u043e\u043d\u043d\u044e\u044e \u044d\u043a\u0441\u043f\u0435\u0440\u0442\u0438\u0437\u0443 \u0432 \u043e\u0431\u043b\u0430\u0441\u0442\u0438 \u0441\u043e\u0446\u0438\u0430\u043b\u044c\u043d\u043e\u0433\u043e, \u0441\u0435\u043c\u0435\u0439\u043d\u043e\u0433\u043e \u0438 \u043d\u0430\u0441\u043b\u0435\u0434\u0441\u0442\u0432\u0435\u043d\u043d\u043e\u0433\u043e \u043f\u0440\u0430\u0432\u0430 \u2013 \u0432\u0430\u0448 \u043d\u0430\u0434\u0435\u0436\u043d\u044b\u0439 \u043f\u0430\u0440\u0442\u043d\u0435\u0440 \u0432\u043e \u0432\u0441\u0435\u0445 \u044e\u0440\u0438\u0434\u0438\u0447\u0435\u0441\u043a\u0438\u0445 \u0432\u043e\u043f\u0440\u043e\u0441\u0430\u0445.<\/p>\n<\/div>\n\n\n\n<div class=\"wp-block-column is-vertically-aligned-center is-layout-flow wp-block-column-is-layout-flow\" style=\"flex-basis:40%\">\n<figure class=\"wp-block-image alignright is-style-default wp-duotone-000000-ebf2f4-2\"><img loading=\"lazy\" decoding=\"async\" width=\"763\" height=\"1024\" src=\"https:\/\/kanzlei-dlovani.de\/wp-content\/uploads\/2026\/01\/Zemfira_Dlovani_2-763x1024.jpg\" alt=\"\" class=\"wp-image-36\" srcset=\"https:\/\/kanzlei-dlovani.de\/wp-content\/uploads\/2026\/01\/Zemfira_Dlovani_2-763x1024.jpg 763w, https:\/\/kanzlei-dlovani.de\/wp-content\/uploads\/2026\/01\/Zemfira_Dlovani_2-224x300.jpg 224w, https:\/\/kanzlei-dlovani.de\/wp-content\/uploads\/2026\/01\/Zemfira_Dlovani_2-768x1030.jpg 768w, https:\/\/kanzlei-dlovani.de\/wp-content\/uploads\/2026\/01\/Zemfira_Dlovani_2-1145x1536.jpg 1145w, https:\/\/kanzlei-dlovani.de\/wp-content\/uploads\/2026\/01\/Zemfira_Dlovani_2-1527x2048.jpg 1527w, https:\/\/kanzlei-dlovani.de\/wp-content\/uploads\/2026\/01\/Zemfira_Dlovani_2-9x12.jpg 9w, https:\/\/kanzlei-dlovani.de\/wp-content\/uploads\/2026\/01\/Zemfira_Dlovani_2-scaled.jpg 1908w\" sizes=\"auto, (max-width: 763px) 100vw, 763px\" \/><\/figure>\n<\/div>\n<\/div>\n<\/div>\n\n\n\n<div class=\"wp-block-group alignfull is-style-ext-preset--group--natural-1--section has-tertiary-background-color has-background has-global-padding is-layout-constrained wp-container-core-group-is-layout-6714b1d7 wp-block-group-is-layout-constrained\" id=\"ueber-uns\" style=\"margin-top:0;margin-bottom:0;padding-top:var(--wp--preset--spacing--70);padding-bottom:var(--wp--preset--spacing--70)\">\n<div class=\"wp-block-group alignwide is-vertical is-content-justification-center is-layout-flex wp-container-core-group-is-layout-c9ee0c5a wp-block-group-is-layout-flex\">\n<div class=\"wp-block-group has-global-padding is-layout-constrained wp-container-core-group-is-layout-2287c683 wp-block-group-is-layout-constrained\">\n<h2 class=\"wp-block-heading has-text-align-center\">Vertrauensvolle Rechtsberatung<\/h2>\n\n\n\n<p class=\"has-text-align-center\">Bei uns erhalten Sie kompetente, individuelle Unterst\u00fctzung. Wir kl\u00e4ren Ihre Fragen pers\u00f6nlich und erarbeiten ma\u00dfgeschneiderte L\u00f6sungen \u2013 f\u00fcr Sicherheit und Klarheit in sensiblen Lebenslagen. Mit langj\u00e4hriger Erfahrung und einf\u00fchlsamer Beratung stehen wir an Ihrer Seite. Kontaktieren Sie uns noch heute f\u00fcr ein unverbindliches Erstgespr\u00e4ch.<\/p>\n<\/div>\n<\/div>\n\n\n\n<div class=\"wp-block-columns alignwide is-layout-flex wp-container-core-columns-is-layout-28f84493 wp-block-columns-is-layout-flex\">\n<div class=\"wp-block-column is-layout-flow wp-block-column-is-layout-flow\">\n<figure class=\"wp-block-image size-large is-style-ext-preset-image-natural-1-image-1--content-bottom is-style-ext-preset--image--natural-1--image-1--content-bottom is-style-ext-preset--image--natural-1--image-1--content-bottom--4\"><img loading=\"lazy\" decoding=\"async\" width=\"1024\" height=\"1024\" src=\"https:\/\/kanzlei-dlovani.de\/wp-content\/uploads\/2026\/01\/generated-image-6-1024x1024.jpg\" alt=\"\" class=\"wp-image-290\" style=\"aspect-ratio:3\/4;object-fit:cover\" srcset=\"https:\/\/kanzlei-dlovani.de\/wp-content\/uploads\/2026\/01\/generated-image-6-1024x1024.jpg 1024w, https:\/\/kanzlei-dlovani.de\/wp-content\/uploads\/2026\/01\/generated-image-6-300x300.jpg 300w, https:\/\/kanzlei-dlovani.de\/wp-content\/uploads\/2026\/01\/generated-image-6-150x150.jpg 150w, https:\/\/kanzlei-dlovani.de\/wp-content\/uploads\/2026\/01\/generated-image-6-768x768.jpg 768w, https:\/\/kanzlei-dlovani.de\/wp-content\/uploads\/2026\/01\/generated-image-6-1536x1536.jpg 1536w, https:\/\/kanzlei-dlovani.de\/wp-content\/uploads\/2026\/01\/generated-image-6.jpg 2048w\" sizes=\"auto, (max-width: 1024px) 100vw, 1024px\" \/><\/figure>\n<\/div>\n\n\n\n<div class=\"wp-block-column is-layout-flow wp-block-column-is-layout-flow\">\n<figure class=\"wp-block-image is-style-ext-preset-image-natural-1-image-1--content-bottom is-style-ext-preset--image--natural-1--image-1--content-bottom is-style-ext-preset--image--natural-1--image-1--content-bottom--5\"><img loading=\"lazy\" decoding=\"async\" width=\"1080\" height=\"1440\" src=\"https:\/\/kanzlei-dlovani.de\/wp-content\/uploads\/2026\/01\/b526b231ed2acefdaa78b597950806bacc4f43b7.jpg\" alt=\"\" class=\"wp-image-132\" style=\"aspect-ratio:3\/4;object-fit:cover\" srcset=\"https:\/\/kanzlei-dlovani.de\/wp-content\/uploads\/2026\/01\/b526b231ed2acefdaa78b597950806bacc4f43b7.jpg 1080w, https:\/\/kanzlei-dlovani.de\/wp-content\/uploads\/2026\/01\/b526b231ed2acefdaa78b597950806bacc4f43b7-225x300.jpg 225w, https:\/\/kanzlei-dlovani.de\/wp-content\/uploads\/2026\/01\/b526b231ed2acefdaa78b597950806bacc4f43b7-768x1024.jpg 768w, https:\/\/kanzlei-dlovani.de\/wp-content\/uploads\/2026\/01\/b526b231ed2acefdaa78b597950806bacc4f43b7-9x12.jpg 9w\" sizes=\"auto, (max-width: 1080px) 100vw, 1080px\" \/><\/figure>\n<\/div>\n\n\n\n<div class=\"wp-block-column is-layout-flow wp-block-column-is-layout-flow\">\n<figure class=\"wp-block-image is-style-ext-preset-image-natural-1-image-1--content-bottom is-style-ext-preset--image--natural-1--image-1--content-bottom is-style-ext-preset--image--natural-1--image-1--content-bottom--6\"><img loading=\"lazy\" decoding=\"async\" width=\"1440\" height=\"960\" src=\"https:\/\/kanzlei-dlovani.de\/wp-content\/uploads\/2026\/01\/638c99fdd009ef5a62da06b687ca1cf070e0726f.jpg\" alt=\"\" class=\"wp-image-133\" style=\"aspect-ratio:3\/4;object-fit:cover\" srcset=\"https:\/\/kanzlei-dlovani.de\/wp-content\/uploads\/2026\/01\/638c99fdd009ef5a62da06b687ca1cf070e0726f.jpg 1440w, https:\/\/kanzlei-dlovani.de\/wp-content\/uploads\/2026\/01\/638c99fdd009ef5a62da06b687ca1cf070e0726f-300x200.jpg 300w, https:\/\/kanzlei-dlovani.de\/wp-content\/uploads\/2026\/01\/638c99fdd009ef5a62da06b687ca1cf070e0726f-1024x683.jpg 1024w, https:\/\/kanzlei-dlovani.de\/wp-content\/uploads\/2026\/01\/638c99fdd009ef5a62da06b687ca1cf070e0726f-768x512.jpg 768w, https:\/\/kanzlei-dlovani.de\/wp-content\/uploads\/2026\/01\/638c99fdd009ef5a62da06b687ca1cf070e0726f-18x12.jpg 18w\" sizes=\"auto, (max-width: 1440px) 100vw, 1440px\" \/><\/figure>\n<\/div>\n<\/div>\n<\/div>\n\n\n\n<div class=\"wp-block-group alignfull is-style-ext-preset--group--natural-1--section has-background-background-color has-background has-global-padding is-layout-constrained wp-container-core-group-is-layout-e955bbaf wp-block-group-is-layout-constrained\" id=\"dienstleistungen\" style=\"margin-top:0;margin-bottom:0;padding-top:var(--wp--preset--spacing--70);padding-bottom:var(--wp--preset--spacing--70)\">\n<div class=\"wp-block-group alignwide is-vertical is-layout-flex wp-container-core-group-is-layout-c35747d5 wp-block-group-is-layout-flex\">\n<div class=\"wp-block-group has-global-padding is-layout-constrained wp-container-core-group-is-layout-5e05634a wp-block-group-is-layout-constrained\">\n<h2 class=\"wp-block-heading\">Kompetenz in Sozial-, Familien und Erbrecht<\/h2>\n\n\n\n<p class=\"has-text-align-left\">Unsere Leistungen sind darauf ausgerichtet, pers\u00f6nliche Beratung und schnelle Hilfe zu garantieren. Als Rechtsanw\u00e4ltin verstehe ich mich als Dienstleisterin und richte mich bei der Bearbeitung Ihres pers\u00f6nlichen Anliegens deshalb ganz nach Ihren individuellen Bed\u00fcrfnissen. Da in meisten Bereichen oft sehr kurze Fristen einzuhalten sind, bekommen Sie bei mir immer kurzfristig einen Termin.<\/p>\n<\/div>\n<\/div>\n\n\n\n<div class=\"wp-block-columns alignwide is-layout-flex wp-container-core-columns-is-layout-08c01c1c wp-block-columns-is-layout-flex\">\n<div class=\"wp-block-column is-layout-flow wp-block-column-is-layout-flow\">\n<div class=\"wp-block-group is-style-ext-preset--group--natural-1--item-card-1--align-start has-global-padding is-layout-constrained wp-block-group-is-layout-constrained is-style-ext-preset--group--natural-1--item-card-1--align-start--8\">\n<figure class=\"wp-block-image size-full\"><img loading=\"lazy\" decoding=\"async\" width=\"1024\" height=\"1024\" src=\"https:\/\/kanzlei-dlovani.de\/wp-content\/uploads\/2026\/01\/generated-image-1.png\" alt=\"\" class=\"wp-image-284\" style=\"aspect-ratio:4\/3;object-fit:cover\" srcset=\"https:\/\/kanzlei-dlovani.de\/wp-content\/uploads\/2026\/01\/generated-image-1.png 1024w, https:\/\/kanzlei-dlovani.de\/wp-content\/uploads\/2026\/01\/generated-image-1-300x300.png 300w, https:\/\/kanzlei-dlovani.de\/wp-content\/uploads\/2026\/01\/generated-image-1-150x150.png 150w, https:\/\/kanzlei-dlovani.de\/wp-content\/uploads\/2026\/01\/generated-image-1-768x768.png 768w\" sizes=\"auto, (max-width: 1024px) 100vw, 1024px\" \/><\/figure>\n\n\n\n<div class=\"wp-block-group is-style-default has-global-padding is-layout-constrained wp-block-group-is-layout-constrained\">\n<h3 class=\"wp-block-heading\">Familienrecht<\/h3>\n\n\n\n<p>Auch f\u00fcr die sensible Thematik gesetzlicher Vertretungsfunktionen wie Vormundschaft, Pflegschaft und rechtliche Betreuung sind wir diskreter Ansprechpartner.<\/p>\n<\/div>\n<\/div>\n<\/div>\n\n\n\n<div class=\"wp-block-column is-layout-flow wp-block-column-is-layout-flow\">\n<div class=\"wp-block-group is-style-ext-preset--group--natural-1--item-card-1--align-start has-global-padding is-layout-constrained wp-block-group-is-layout-constrained is-style-ext-preset--group--natural-1--item-card-1--align-start--9\">\n<figure class=\"wp-block-image size-full\"><img loading=\"lazy\" decoding=\"async\" width=\"2048\" height=\"2048\" src=\"https:\/\/kanzlei-dlovani.de\/wp-content\/uploads\/2026\/01\/generated-image-5.jpg\" alt=\"\" class=\"wp-image-289\" style=\"aspect-ratio:4\/3;object-fit:cover\" srcset=\"https:\/\/kanzlei-dlovani.de\/wp-content\/uploads\/2026\/01\/generated-image-5.jpg 2048w, https:\/\/kanzlei-dlovani.de\/wp-content\/uploads\/2026\/01\/generated-image-5-300x300.jpg 300w, https:\/\/kanzlei-dlovani.de\/wp-content\/uploads\/2026\/01\/generated-image-5-1024x1024.jpg 1024w, https:\/\/kanzlei-dlovani.de\/wp-content\/uploads\/2026\/01\/generated-image-5-150x150.jpg 150w, https:\/\/kanzlei-dlovani.de\/wp-content\/uploads\/2026\/01\/generated-image-5-768x768.jpg 768w, https:\/\/kanzlei-dlovani.de\/wp-content\/uploads\/2026\/01\/generated-image-5-1536x1536.jpg 1536w\" sizes=\"auto, (max-width: 2048px) 100vw, 2048px\" \/><\/figure>\n\n\n\n<div class=\"wp-block-group is-style-default has-global-padding is-layout-constrained wp-block-group-is-layout-constrained\">\n<h3 class=\"wp-block-heading\">Arbeitsrecht<\/h3>\n\n\n\n<p>Hier pr\u00fcfen wir Arbeitsvertr\u00e4ge, beraten Sie zu Ihren Anspr\u00fcchen auf Lohn\/Gehalt, Urlaub, Sozialleistungen. Im Schadensfall begleiten wir Sie bei K\u00fcndigungen, Gleichbehandlungsfragen, Mobbing.<\/p>\n<\/div>\n<\/div>\n<\/div>\n\n\n\n<div class=\"wp-block-column is-layout-flow wp-block-column-is-layout-flow\">\n<div class=\"wp-block-group is-style-ext-preset--group--natural-1--item-card-1--align-start has-global-padding is-layout-constrained wp-block-group-is-layout-constrained is-style-ext-preset--group--natural-1--item-card-1--align-start--10\">\n<figure class=\"wp-block-image size-full\"><img loading=\"lazy\" decoding=\"async\" width=\"1024\" height=\"1024\" src=\"https:\/\/kanzlei-dlovani.de\/wp-content\/uploads\/2026\/01\/generated-image-4.png\" alt=\"\" class=\"wp-image-286\" style=\"aspect-ratio:4\/3;object-fit:cover\" srcset=\"https:\/\/kanzlei-dlovani.de\/wp-content\/uploads\/2026\/01\/generated-image-4.png 1024w, https:\/\/kanzlei-dlovani.de\/wp-content\/uploads\/2026\/01\/generated-image-4-300x300.png 300w, https:\/\/kanzlei-dlovani.de\/wp-content\/uploads\/2026\/01\/generated-image-4-150x150.png 150w, https:\/\/kanzlei-dlovani.de\/wp-content\/uploads\/2026\/01\/generated-image-4-768x768.png 768w\" sizes=\"auto, (max-width: 1024px) 100vw, 1024px\" \/><\/figure>\n\n\n\n<div class=\"wp-block-group is-style-default has-global-padding is-layout-constrained wp-block-group-is-layout-constrained\">\n<h3 class=\"wp-block-heading\">Mietrecht<\/h3>\n\n\n\n<p>H\u00e4ufige Aspekte unserer anwaltlichen Beratung sind hier Mietzins, Minderungsanl\u00e4sse, M\u00e4ngelanzeigen und der K\u00fcndigungsschutz.&nbsp;<\/p>\n<\/div>\n<\/div>\n<\/div>\n<\/div>\n<\/div>\n\n\n\n<div class=\"wp-block-group alignfull is-style-ext-preset--group--natural-1--section has-tertiary-background-color has-background has-global-padding is-layout-constrained wp-container-core-group-is-layout-e955bbaf wp-block-group-is-layout-constrained\" id=\"funktionen\" style=\"margin-top:0;margin-bottom:0;padding-top:var(--wp--preset--spacing--70);padding-bottom:var(--wp--preset--spacing--70)\">\n<div class=\"wp-block-group alignwide is-vertical is-layout-flex wp-container-core-group-is-layout-c35747d5 wp-block-group-is-layout-flex\">\n<div class=\"wp-block-group has-global-padding is-layout-constrained wp-container-core-group-is-layout-5e05634a wp-block-group-is-layout-constrained\">\n<h2 class=\"wp-block-heading\">Kompetente Beratung<\/h2>\n\n\n\n<p class=\"has-text-align-left\">Ein Besuch bei uns gibt Ihnen Sicherheit und hilft Ihnen, sich langwierige und nervenaufreibende pers\u00f6nliche Auseinandersetzungen zu ersparen. Ich konzentriere mich auf L\u00f6sungen &#8211; nicht auf Probleme.<\/p>\n<\/div>\n<\/div>\n\n\n\n<div class=\"wp-block-columns alignwide is-layout-flex wp-container-core-columns-is-layout-174606dc wp-block-columns-is-layout-flex\">\n<div class=\"wp-block-column is-vertically-aligned-stretch is-layout-flow wp-container-core-column-is-layout-119bc444 wp-block-column-is-layout-flow\">\n<div class=\"wp-block-cover is-style-ext-preset--image--natural-1--image-1--content-right is-style-ext-preset--image--natural-1--image-1--content-right--12\" style=\"padding-top:0;padding-bottom:0;min-height:100%;aspect-ratio:unset;\"><img loading=\"lazy\" decoding=\"async\" width=\"1440\" height=\"960\" class=\"wp-block-cover__image-background wp-image-137\" alt=\"\" src=\"https:\/\/kanzlei-dlovani.de\/wp-content\/uploads\/2026\/01\/dc93f5b8ab5a76c877f1563173b751096cbdd930.jpg\" data-object-fit=\"cover\" srcset=\"https:\/\/kanzlei-dlovani.de\/wp-content\/uploads\/2026\/01\/dc93f5b8ab5a76c877f1563173b751096cbdd930.jpg 1440w, https:\/\/kanzlei-dlovani.de\/wp-content\/uploads\/2026\/01\/dc93f5b8ab5a76c877f1563173b751096cbdd930-300x200.jpg 300w, https:\/\/kanzlei-dlovani.de\/wp-content\/uploads\/2026\/01\/dc93f5b8ab5a76c877f1563173b751096cbdd930-1024x683.jpg 1024w, https:\/\/kanzlei-dlovani.de\/wp-content\/uploads\/2026\/01\/dc93f5b8ab5a76c877f1563173b751096cbdd930-768x512.jpg 768w, https:\/\/kanzlei-dlovani.de\/wp-content\/uploads\/2026\/01\/dc93f5b8ab5a76c877f1563173b751096cbdd930-18x12.jpg 18w\" sizes=\"auto, (max-width: 1440px) 100vw, 1440px\" \/><span aria-hidden=\"true\" class=\"wp-block-cover__background has-background-dim-0 has-background-dim\"><\/span><div class=\"wp-block-cover__inner-container is-layout-flow wp-block-cover-is-layout-flow\">\n<div style=\"height:240px\" aria-hidden=\"true\" class=\"wp-block-spacer\"><\/div>\n<\/div><\/div>\n<\/div>\n\n\n\n<div class=\"wp-block-column is-vertically-aligned-center is-layout-flow wp-block-column-is-layout-flow\">\n<div class=\"wp-block-group is-style-ext-preset--group--natural-1--item-card-1--align-start has-global-padding is-layout-constrained wp-block-group-is-layout-constrained is-style-ext-preset--group--natural-1--item-card-1--align-start--13\">\n<div class=\"wp-block-group is-style-default has-global-padding is-layout-constrained wp-block-group-is-layout-constrained\">\n<div class=\"wp-block-group is-nowrap is-layout-flex wp-container-core-group-is-layout-64fa2afa wp-block-group-is-layout-flex\" style=\"padding-top:0;padding-right:0;padding-bottom:0;padding-left:0\">\n<figure class=\"wp-block-image size-large ext-aspect-landscape wp-duotone-primary-foreground\"><img decoding=\"async\" src=\"data:image\/svg+xml;base64,PHN2ZyB4bWxucz0iaHR0cDovL3d3dy53My5vcmcvMjAwMC9zdmciIHdpZHRoPSI0OCIgaGVpZ2h0PSI0OCIgZmlsbD0iIzAwMDAwMCIgdmlld0JveD0iMCAwIDI1NiAyNTYiPjxwYXRoIGQ9Ik0xNzIsNzZhNDQsNDQsMCwxLDAtNDQsNDRBNDQuMDUsNDQuMDUsMCwwLDAsMTcyLDc2Wm0tNDQsMjhhMjgsMjgsMCwxLDEsMjgtMjhBMjgsMjgsMCwwLDEsMTI4LDEwNFptNjAsMjRhNDQsNDQsMCwxLDAsNDQsNDRBNDQuMDUsNDQuMDUsMCwwLDAsMTg4LDEyOFptMCw3MmEyOCwyOCwwLDEsMSwyOC0yOEEyOCwyOCwwLDAsMSwxODgsMjAwWk02OCwxMjhhNDQsNDQsMCwxLDAsNDQsNDRBNDQuMDUsNDQuMDUsMCwwLDAsNjgsMTI4Wm0wLDcyYTI4LDI4LDAsMSwxLDI4LTI4QTI4LDI4LDAsMCwxLDY4LDIwMFoiPjwvcGF0aD48L3N2Zz4=\" alt=\"\" style=\"object-fit:cover\"\/><\/figure>\n\n\n\n<div class=\"wp-block-group wp-container-content-958eb9dc has-global-padding is-layout-constrained wp-container-core-group-is-layout-c06d165c wp-block-group-is-layout-constrained\" style=\"padding-top:0;padding-right:0;padding-bottom:0;padding-left:0\">\n<h3 class=\"wp-block-heading\">Sozialrechtliche Expertise<\/h3>\n\n\n\n<p>Als Fachanw\u00e4ltin f\u00fcr Sozialrecht helfe ich Ihnen erfolgreich bei der L\u00f6sung von Konflikten und bei der Durchsetzung ihrer Rechte.<\/p>\n<\/div>\n<\/div>\n<\/div>\n<\/div>\n\n\n\n<div class=\"wp-block-group is-style-ext-preset--group--natural-1--item-card-1--align-start has-global-padding is-layout-constrained wp-block-group-is-layout-constrained is-style-ext-preset--group--natural-1--item-card-1--align-start--14\">\n<div class=\"wp-block-group is-style-default has-global-padding is-layout-constrained wp-block-group-is-layout-constrained\">\n<div class=\"wp-block-group is-nowrap is-layout-flex wp-container-core-group-is-layout-64fa2afa wp-block-group-is-layout-flex\" style=\"padding-top:0;padding-right:0;padding-bottom:0;padding-left:0\">\n<figure class=\"wp-block-image size-large ext-aspect-landscape wp-duotone-primary-foreground\"><img decoding=\"async\" src=\"data:image\/svg+xml;base64,PHN2ZyB4bWxucz0iaHR0cDovL3d3dy53My5vcmcvMjAwMC9zdmciIHdpZHRoPSI0OCIgaGVpZ2h0PSI0OCIgZmlsbD0iIzAwMDAwMCIgdmlld0JveD0iMCAwIDI1NiAyNTYiPjxwYXRoIGQ9Ik04MCw0MGE0MCw0MCwwLDEsMCw0MCw0MEE0MCw0MCwwLDAsMCw4MCw0MFptMCw2NGEyNCwyNCwwLDEsMSwyNC0yNEEyNCwyNCwwLDAsMSw4MCwxMDRabTk2LDE2YTQwLDQwLDAsMSwwLTQwLTQwQTQwLDQwLDAsMCwwLDE3NiwxMjBabTAtNjRhMjQsMjQsMCwxLDEtMjQsMjRBMjQsMjQsMCwwLDEsMTc2LDU2Wk04MCwxMzZhNDAsNDAsMCwxLDAsNDAsNDBBNDAsNDAsMCwwLDAsODAsMTM2Wm0wLDY0YTI0LDI0LDAsMSwxLDI0LTI0QTI0LDI0LDAsMCwxLDgwLDIwMFptOTYtNjRhNDAsNDAsMCwxLDAsNDAsNDBBNDAsNDAsMCwwLDAsMTc2LDEzNlptMCw2NGEyNCwyNCwwLDEsMSwyNC0yNEEyNCwyNCwwLDAsMSwxNzYsMjAwWiI+PC9wYXRoPjwvc3ZnPg==\" alt=\"\" style=\"object-fit:cover\"\/><\/figure>\n\n\n\n<div class=\"wp-block-group wp-container-content-958eb9dc has-global-padding is-layout-constrained wp-container-core-group-is-layout-c06d165c wp-block-group-is-layout-constrained\" style=\"padding-top:0;padding-right:0;padding-bottom:0;padding-left:0\">\n<h3 class=\"wp-block-heading\">Erbrechtliche Beratung<\/h3>\n\n\n\n<p>Mit der theoretischen Qualifikation einer Fachanw\u00e4ltin f\u00fcr Erbrecht erhalten Sie umfassende Unterst\u00fctzung bei Testamentsgestaltung und Nachlassregelungen.<\/p>\n<\/div>\n<\/div>\n<\/div>\n<\/div>\n\n\n\n<div class=\"wp-block-group is-style-ext-preset--group--natural-1--item-card-1--align-start has-global-padding is-layout-constrained wp-block-group-is-layout-constrained is-style-ext-preset--group--natural-1--item-card-1--align-start--15\">\n<div class=\"wp-block-group is-style-default has-global-padding is-layout-constrained wp-block-group-is-layout-constrained\">\n<div class=\"wp-block-group is-nowrap is-layout-flex wp-container-core-group-is-layout-64fa2afa wp-block-group-is-layout-flex\" style=\"padding-top:0;padding-right:0;padding-bottom:0;padding-left:0\">\n<figure class=\"wp-block-image size-large ext-aspect-landscape wp-duotone-primary-foreground\"><img decoding=\"async\" src=\"data:image\/svg+xml;base64,PHN2ZyB4bWxucz0iaHR0cDovL3d3dy53My5vcmcvMjAwMC9zdmciIHdpZHRoPSI0OCIgaGVpZ2h0PSI0OCIgZmlsbD0iIzAwMDAwMCIgdmlld0JveD0iMCAwIDI1NiAyNTYiPjxwYXRoIGQ9Ik04MCw0MGE0MCw0MCwwLDEsMCw0MCw0MEE0MCw0MCwwLDAsMCw4MCw0MFptMCw2NGEyNCwyNCwwLDEsMSwyNC0yNEEyNCwyNCwwLDAsMSw4MCwxMDRabTk2LDE2YTQwLDQwLDAsMSwwLTQwLTQwQTQwLDQwLDAsMCwwLDE3NiwxMjBabTAtNjRhMjQsMjQsMCwxLDEtMjQsMjRBMjQsMjQsMCwwLDEsMTc2LDU2Wk04MCwxMzZhNDAsNDAsMCwxLDAsNDAsNDBBNDAsNDAsMCwwLDAsODAsMTM2Wm0wLDY0YTI0LDI0LDAsMSwxLDI0LTI0QTI0LDI0LDAsMCwxLDgwLDIwMFptMTM2LTI0YTgsOCwwLDAsMS04LDhIMTg0djI0YTgsOCwwLDAsMS0xNiwwVjE4NEgxNDRhOCw4LDAsMCwxLDAtMTZoMjRWMTQ0YTgsOCwwLDAsMSwxNiwwdjI0aDI0QTgsOCwwLDAsMSwyMTYsMTc2WiI+PC9wYXRoPjwvc3ZnPg==\" alt=\"\" style=\"object-fit:cover\"\/><\/figure>\n\n\n\n<div class=\"wp-block-group wp-container-content-958eb9dc has-global-padding is-layout-constrained wp-container-core-group-is-layout-c06d165c wp-block-group-is-layout-constrained\" style=\"padding-top:0;padding-right:0;padding-bottom:0;padding-left:0\">\n<h3 class=\"wp-block-heading\">Pers\u00f6nliche Betreuung<\/h3>\n\n\n\n<p>Meine Mandanten sch\u00e4tzen an mir neben meiner Erfahrung, meiner Zuverl\u00e4ssigkeit und einer schneller und individuellen Betreuung insbesondere meine F\u00e4higkeit, ihnen die oft komplizierten juristischen Sachverhalte verst\u00e4ndlich zu erkl\u00e4ren und ihnen die Sicherheit zu geben.<\/p>\n<\/div>\n<\/div>\n<\/div>\n<\/div>\n<\/div>\n<\/div>\n<\/div>\n\n\n\n<div class=\"wp-block-group alignfull is-style-ext-preset--group--natural-1--section has-background-background-color has-background has-global-padding is-layout-constrained wp-container-core-group-is-layout-ab56ae29 wp-block-group-is-layout-constrained\" id=\"jetzt-buchen\" style=\"margin-top:0;margin-bottom:0;padding-top:var(--wp--preset--spacing--70);padding-bottom:var(--wp--preset--spacing--70)\">\n<div class=\"wp-block-group alignwide is-vertical is-content-justification-center is-layout-flex wp-container-core-group-is-layout-c9ee0c5a wp-block-group-is-layout-flex\">\n<div class=\"wp-block-group has-global-padding is-layout-constrained wp-container-core-group-is-layout-dd32767c wp-block-group-is-layout-constrained\">\n<h2 class=\"wp-block-heading has-text-align-center\">Pers\u00f6nliche Betreuung und z\u00fcgige Terminvereinbarung<\/h2>\n\n\n\n<p class=\"has-text-align-center\">Bitte vereinbaren Sie Termine mit dem Sekretariat unter den unten stehenden Kontaktm\u00f6glichkeiten.<\/p>\n<\/div>\n<\/div>\n<\/div>\n\n\n\n<div class=\"wp-block-group alignfull is-style-ext-preset--group--natural-1--section has-tertiary-background-color has-background has-global-padding is-layout-constrained wp-block-group-is-layout-constrained\" id=\"kontakt\" style=\"margin-top:0;margin-bottom:0;padding-top:var(--wp--preset--spacing--70);padding-bottom:var(--wp--preset--spacing--70)\"><\/div>","protected":false},"excerpt":{"rendered":"<p>Zemfira Dlovani Ihre Fachanw\u00e4ltin f\u00fcr Sozialrecht und Spezialistin f\u00fcr Familien- und Erbrecht Die Kanzlei Dlovani steht f\u00fcr pers\u00f6nliche Betreuung, schnelle Terminvergabe und umfassende Expertise in Sozial-, Familien- und Erbrecht \u2013 Ihr verl\u00e4sslicher Partner in allen rechtlichen Fragen. Vertrauensvolle Rechtsberatung Bei uns erhalten Sie kompetente, individuelle Unterst\u00fctzung. Wir kl\u00e4ren Ihre Fragen pers\u00f6nlich und erarbeiten ma\u00dfgeschneiderte L\u00f6sungen [&hellip;]<\/p>\n","protected":false},"author":1,"featured_media":0,"parent":0,"menu_order":0,"comment_status":"closed","ping_status":"closed","template":"no-title-sticky-header","meta":{"footnotes":""},"class_list":["post-25","page","type-page","status-publish","hentry"],"_links":{"self":[{"href":"https:\/\/kanzlei-dlovani.de\/ru\/wp-json\/wp\/v2\/pages\/25","targetHints":{"allow":["GET"]}}],"collection":[{"href":"https:\/\/kanzlei-dlovani.de\/ru\/wp-json\/wp\/v2\/pages"}],"about":[{"href":"https:\/\/kanzlei-dlovani.de\/ru\/wp-json\/wp\/v2\/types\/page"}],"author":[{"embeddable":true,"href":"https:\/\/kanzlei-dlovani.de\/ru\/wp-json\/wp\/v2\/users\/1"}],"replies":[{"embeddable":true,"href":"https:\/\/kanzlei-dlovani.de\/ru\/wp-json\/wp\/v2\/comments?post=25"}],"version-history":[{"count":102,"href":"https:\/\/kanzlei-dlovani.de\/ru\/wp-json\/wp\/v2\/pages\/25\/revisions"}],"predecessor-version":[{"id":328,"href":"https:\/\/kanzlei-dlovani.de\/ru\/wp-json\/wp\/v2\/pages\/25\/revisions\/328"}],"wp:attachment":[{"href":"https:\/\/kanzlei-dlovani.de\/ru\/wp-json\/wp\/v2\/media?parent=25"}],"curies":[{"name":"wp","href":"https:\/\/api.w.org\/{rel}","templated":true}]}}