{"id":28,"date":"2026-01-20T09:41:45","date_gmt":"2026-01-20T09:41:45","guid":{"rendered":"https:\/\/kanzlei-dlovani.de\/impressum\/"},"modified":"2026-04-01T08:45:53","modified_gmt":"2026-04-01T08:45:53","slug":"impressum","status":"publish","type":"page","link":"https:\/\/kanzlei-dlovani.de\/ru\/impressum\/","title":{"rendered":"Impressum"},"content":{"rendered":"\n<div class=\"wp-block-group alignfull is-style-ext-preset--group--natural-1--section has-background-background-color has-background has-global-padding is-layout-constrained wp-container-core-group-is-layout-6150fac0 wp-block-group-is-layout-constrained\" style=\"margin-top:0;margin-bottom:0;padding-top:var(--wp--preset--spacing--70);padding-bottom:var(--wp--preset--spacing--70)\">\n<p>Zemfira Dlovani<br>Anwaltskanzlei<br>Kastorpfaffenstra\u00dfe 5-7<br>56068 Koblenz<\/p>\n\n\n\n<h2 class=\"wp-block-heading\">Kontakt<\/h2>\n\n\n\n<p>Telefon: +49 261 921 577 27<br>Telefax: +49 261 921 577 29<br>E-Mail: mail@kanzlei-dlovani.de<\/p>\n\n\n\n<h2 class=\"wp-block-heading\">Umsatzsteuer-ID<\/h2>\n\n\n\n<p>Umsatzsteuer-Identifikationsnummer gem\u00e4\u00df \u00a7 27 a Umsatzsteuergesetz:<br>DE263996793<\/p>\n\n\n\n<h2 class=\"wp-block-heading\">Aufsichtsbeh\u00f6rde<\/h2>\n\n\n\n<p>Rechtsanwaltskammer Koblenz<br>Rheinsta\u00dfe 24<br>56068 Koblenz<\/p>\n\n\n\n<p><a href=\"http:\/\/www.rakko.de\" target=\"_blank\" rel=\"noreferrer noopener\">http:\/\/www.rakko.de<\/a><\/p>\n\n\n\n<h2 class=\"wp-block-heading\">Berufsbezeichnung und berufsrechtliche Regelungen<\/h2>\n\n\n\n<p>Berufsbezeichnung:<br>Rechtsanw\u00e4ltin<\/p>\n\n\n\n<p>Zust\u00e4ndige Kammer:<br>Rechtsanwaltskammer Koblenz<br>f\u00fcr den Oberlandesgerichtsbezirk Koblenz<br><br>Rheinsta\u00dfe 24<br>56068 Koblenz<br><br>Fon 0261 303350<br><br>Fax 0261 3033522<br>Internet: www.rakko.de<br>Mail: rak-koblenz@t-online.de<\/p>\n\n\n\n<p>Verliehen in:<\/p>\n\n\n\n<p>Deutschland<\/p>\n\n\n\n<p>Es gelten folgende berufsrechtliche Regelungen:<\/p>\n\n\n\n<ul class=\"wp-block-list\">\n<li>Bundesrechtsanwaltsordnung (BRAO)<\/li>\n\n\n\n<li>Berufsordnung f\u00fcr Rechtsanw\u00e4lte (BORA)<\/li>\n\n\n\n<li>Fachanwaltsordnung (FAO)<\/li>\n\n\n\n<li>Rechtsanwaltsverg\u00fctungsgesetz (RVG)<\/li>\n\n\n\n<li>Berufsregelungen der Rechtsanw\u00e4lte der Europ\u00e4ischen Union<\/li>\n<\/ul>\n\n\n\n<p>Die Regelungen k\u00f6nnen bei der Bundesrechtsanwaltskammer (auf den Internetseiten der&nbsp;<a href=\"http:\/\/www.brak.de\/\" target=\"_blank\" rel=\"noreferrer noopener\">www.brak.de<\/a>&nbsp;unter &#8222;Berufsrecht\/Informationspflichten\/TKG&#8220; eingesehen werden.<\/p>\n\n\n\n<h2 class=\"wp-block-heading\">Angaben zur Berufs\u00adhaftpflicht\u00adversicherung<\/h2>\n\n\n\n<p><strong>Name und Sitz des Versicherers:<\/strong><br>Allianz Versicherungs-Aktiengesellschaft<br>Dieselstr. 6-8<br>85774 Unterf\u00f6hring<\/p>\n\n\n\n<p><strong>Geltungsraum der Versicherung:<\/strong><br>Gesamtes EU-Gebiet und den Staaten des Abkommens \u00fcber den Europ\u00e4ischen Wirtschaftsraum. Deckungsumme: 1 Mio EUR (d.h. das 4fache der gesetzlich vorgeschriebenen Summe).<\/p>\n\n\n\n<h2 class=\"wp-block-heading\">Verbraucher\u00adstreit\u00adbeilegung\/Universal\u00adschlichtungs\u00adstelle<\/h2>\n\n\n\n<p>Wir sind nicht bereit oder verpflichtet, an Streitbeilegungsverfahren vor einer Verbraucherschlichtungsstelle teilzunehmen.<\/p>\n\n\n\n<h2 class=\"wp-block-heading\">Zentrale Kontaktstelle nach dem Digital Services Act &#8211; DSA (Verordnung (EU) 2022\/265)<\/h2>\n\n\n\n<p>Unsere zentrale Kontaktstelle f\u00fcr Nutzer und Beh\u00f6rden nach Art. 11, 12 DSA erreichen Sie wie folgt:<\/p>\n\n\n\n<p>E-Mail: info[at]kanzlei-dlovani.de<br>Telefon: +49 261 921 577 27<\/p>\n\n\n\n<p>Die f\u00fcr den Kontakt zur Verf\u00fcgung stehenden Sprachen sind: Deutsch und Englisch.<\/p>\n\n\n\n<p>Quelle: <a href=\"https:\/\/www.e-recht24.de\">e-recht24.de<\/a><\/p>\n<\/div>\n","protected":false},"excerpt":{"rendered":"<p>Zemfira DlovaniAnwaltskanzleiKastorpfaffenstra\u00dfe 5-756068 Koblenz Kontakt Telefon: +49 261 921 577 27Telefax: +49 261 921 577 29E-Mail: mail@kanzlei-dlovani.de Umsatzsteuer-ID Umsatzsteuer-Identifikationsnummer gem\u00e4\u00df \u00a7 27 a Umsatzsteuergesetz:DE263996793 Aufsichtsbeh\u00f6rde Rechtsanwaltskammer KoblenzRheinsta\u00dfe 2456068 Koblenz http:\/\/www.rakko.de Berufsbezeichnung und berufsrechtliche Regelungen Berufsbezeichnung:Rechtsanw\u00e4ltin Zust\u00e4ndige Kammer:Rechtsanwaltskammer Koblenzf\u00fcr den Oberlandesgerichtsbezirk Koblenz Rheinsta\u00dfe 2456068 Koblenz Fon 0261 303350 Fax 0261 3033522Internet: www.rakko.deMail: rak-koblenz@t-online.de Verliehen in: Deutschland [&hellip;]<\/p>\n","protected":false},"author":1,"featured_media":0,"parent":0,"menu_order":0,"comment_status":"closed","ping_status":"closed","template":"page-with-title","meta":{"footnotes":""},"class_list":["post-28","page","type-page","status-publish","hentry"],"_links":{"self":[{"href":"https:\/\/kanzlei-dlovani.de\/ru\/wp-json\/wp\/v2\/pages\/28","targetHints":{"allow":["GET"]}}],"collection":[{"href":"https:\/\/kanzlei-dlovani.de\/ru\/wp-json\/wp\/v2\/pages"}],"about":[{"href":"https:\/\/kanzlei-dlovani.de\/ru\/wp-json\/wp\/v2\/types\/page"}],"author":[{"embeddable":true,"href":"https:\/\/kanzlei-dlovani.de\/ru\/wp-json\/wp\/v2\/users\/1"}],"replies":[{"embeddable":true,"href":"https:\/\/kanzlei-dlovani.de\/ru\/wp-json\/wp\/v2\/comments?post=28"}],"version-history":[{"count":3,"href":"https:\/\/kanzlei-dlovani.de\/ru\/wp-json\/wp\/v2\/pages\/28\/revisions"}],"predecessor-version":[{"id":330,"href":"https:\/\/kanzlei-dlovani.de\/ru\/wp-json\/wp\/v2\/pages\/28\/revisions\/330"}],"wp:attachment":[{"href":"https:\/\/kanzlei-dlovani.de\/ru\/wp-json\/wp\/v2\/media?parent=28"}],"curies":[{"name":"wp","href":"https:\/\/api.w.org\/{rel}","templated":true}]}}